{"id":282,"date":"2025-03-05T07:34:56","date_gmt":"2025-03-05T06:34:56","guid":{"rendered":"https:\/\/xn--krperbalance-brack-d3b.de\/?page_id=282"},"modified":"2025-03-05T07:48:38","modified_gmt":"2025-03-05T06:48:38","slug":"schmerzbehandlung","status":"publish","type":"page","link":"https:\/\/xn--krperbalance-brack-d3b.de\/index.php\/schmerzbehandlung\/","title":{"rendered":"Schmerzbehandlung"},"content":{"rendered":"\t\t<div data-elementor-type=\"wp-page\" data-elementor-id=\"282\" class=\"elementor elementor-282\">\n\t\t\t\t<div class=\"elementor-element elementor-element-232a601 e-flex e-con-boxed wpr-particle-no wpr-jarallax-no wpr-parallax-no wpr-sticky-section-no e-con e-parent\" data-id=\"232a601\" data-element_type=\"container\">\n\t\t\t\t\t<div class=\"e-con-inner\">\n\t\t\t\t<div class=\"elementor-element elementor-element-f15bc8e elementor-widget elementor-widget-heading\" data-id=\"f15bc8e\" data-element_type=\"widget\" data-widget_type=\"heading.default\">\n\t\t\t\t<div class=\"elementor-widget-container\">\n\t\t\t\t\t<h2 class=\"elementor-heading-title elementor-size-default\">Schmerzbehandlung<\/h2>\t\t\t\t<\/div>\n\t\t\t\t<\/div>\n\t\t\t\t\t<\/div>\n\t\t\t\t<\/div>\n\t\t<div class=\"elementor-element elementor-element-771a196 e-flex e-con-boxed wpr-particle-no wpr-jarallax-no wpr-parallax-no wpr-sticky-section-no e-con e-parent\" data-id=\"771a196\" data-element_type=\"container\">\n\t\t\t\t\t<div class=\"e-con-inner\">\n\t\t<div class=\"elementor-element elementor-element-ae88a32 e-con-full e-flex wpr-particle-no wpr-jarallax-no wpr-parallax-no wpr-sticky-section-no e-con e-child\" data-id=\"ae88a32\" data-element_type=\"container\">\n\t\t\t\t<div class=\"elementor-element elementor-element-0c02eb2 elementor-widget elementor-widget-text-editor\" data-id=\"0c02eb2\" data-element_type=\"widget\" data-widget_type=\"text-editor.default\">\n\t\t\t\t<div class=\"elementor-widget-container\">\n\t\t\t\t\t\t\t\t\t<h1><strong>Schmerzbehandlung nach der Dorn-Breuss-Methode<\/strong><\/h1><p data-start=\"54\" data-end=\"308\">Die Dorn-Breuss-Therapie ist eine ganzheitliche Wirbels\u00e4ulenbehandlung, die sich bew\u00e4hrt hat, um R\u00fccken- und Gelenkbeschwerden sanft und effektiv zu lindern. Sie vereint die pr\u00e4zise Wirbelkorrektur der Dorn-Methode mit der entspannenden Breuss-Massage.<\/p><h3 data-start=\"310\" data-end=\"360\"><strong data-start=\"314\" data-end=\"358\">Die Dorn-Methode: Sanfte Wirbelkorrektur<\/strong><\/h3><p data-start=\"361\" data-end=\"776\">Die Dorn-Methode zielt darauf ab, Fehlstellungen der Wirbel und Gelenke behutsam zu korrigieren. Dabei werden die Wirbel durch sanften Druck mit dem Daumen wieder in ihre nat\u00fcrliche Position gebracht. Auch Beinl\u00e4ngendifferenzen und Gelenkfehlstellungen k\u00f6nnen so ausgeglichen werden. Diese Methode zeichnet sich durch ihre sanften Bewegungen aus, die keine ruckartigen oder schmerzhaften Manipulationen erfordern.<\/p><h3 data-start=\"778\" data-end=\"839\"><strong data-start=\"782\" data-end=\"837\">Die Breuss-Massage: Entspannung f\u00fcr die Wirbels\u00e4ule<\/strong><\/h3><p data-start=\"840\" data-end=\"1231\">Die Breuss-Massage erg\u00e4nzt die Dorn-Methode durch eine wohltuende und tiefenwirksame Massage entlang der Wirbels\u00e4ule. Sie dient dazu, die Bandscheiben zu entlasten, die tiefe R\u00fcckenmuskulatur zu entspannen und sowohl k\u00f6rperliche als auch seelische Verspannungen zu l\u00f6sen. Die Massage f\u00f6rdert zudem die Regeneration der Bandscheiben und unterst\u00fctzt den Energiefluss entlang der Wirbels\u00e4ule.<\/p><h3 data-start=\"1233\" data-end=\"1275\"><strong data-start=\"1237\" data-end=\"1273\">F\u00fcr welche Beschwerden geeignet?<\/strong><\/h3><p data-start=\"1276\" data-end=\"1334\">Die Dorn-Breuss-Therapie kann Linderung verschaffen bei:<\/p><ul data-start=\"1335\" data-end=\"1532\"><li data-start=\"1335\" data-end=\"1372\">R\u00fcckenschmerzen und Verspannungen<\/li><li data-start=\"1373\" data-end=\"1386\">Skoliosen<\/li><li data-start=\"1387\" data-end=\"1409\">Ischiasbeschwerden<\/li><li data-start=\"1410\" data-end=\"1434\">Gelenkfehlstellungen<\/li><li data-start=\"1435\" data-end=\"1532\">und vielen weiteren Beschwerden, die direkt oder indirekt mit der Wirbels\u00e4ule zusammenh\u00e4ngen.<\/li><\/ul><h3 data-start=\"1534\" data-end=\"1563\"><strong data-start=\"1538\" data-end=\"1561\">Nach der Behandlung<\/strong><\/h3><p data-start=\"1564\" data-end=\"1792\">Um die Korrekturen langfristig zu erhalten, erhalten Sie auf Wunsch einfache Eigen\u00fcbungen f\u00fcr Zuhause. Diese \u00dcbungen unterst\u00fctzen die Stabilisierung der Wirbels\u00e4ule und f\u00f6rdern die nachhaltige Verbesserung Ihres Wohlbefindens.<\/p><p data-start=\"1794\" data-end=\"1902\" data-is-last-node=\"\" data-is-only-node=\"\"><strong data-start=\"1794\" data-end=\"1902\" data-is-last-node=\"\">Erleben Sie, wie wohltuend eine sanfte Wirbelkorrektur sein kann und vereinbaren Sie jetzt einen Termin!<\/strong><\/p>\t\t\t\t\t\t\t\t<\/div>\n\t\t\t\t<\/div>\n\t\t\t\t<\/div>\n\t\t<div class=\"elementor-element elementor-element-f1f49f3 e-con-full e-flex wpr-particle-no wpr-jarallax-no wpr-parallax-no wpr-sticky-section-no e-con e-child\" data-id=\"f1f49f3\" data-element_type=\"container\">\n\t\t\t\t<div class=\"elementor-element elementor-element-f2d97a1 elementor-widget elementor-widget-image\" data-id=\"f2d97a1\" data-element_type=\"widget\" data-widget_type=\"image.default\">\n\t\t\t\t<div class=\"elementor-widget-container\">\n\t\t\t\t\t\t\t\t\t\t\t\t\t\t\t<img fetchpriority=\"high\" decoding=\"async\" width=\"800\" height=\"1200\" src=\"https:\/\/xn--krperbalance-brack-d3b.de\/wp-content\/uploads\/2025\/03\/massage.webp\" class=\"attachment-full size-full wp-image-285\" alt=\"\" srcset=\"https:\/\/xn--krperbalance-brack-d3b.de\/wp-content\/uploads\/2025\/03\/massage.webp 800w, https:\/\/xn--krperbalance-brack-d3b.de\/wp-content\/uploads\/2025\/03\/massage-200x300.webp 200w, https:\/\/xn--krperbalance-brack-d3b.de\/wp-content\/uploads\/2025\/03\/massage-683x1024.webp 683w, https:\/\/xn--krperbalance-brack-d3b.de\/wp-content\/uploads\/2025\/03\/massage-768x1152.webp 768w\" sizes=\"(max-width: 800px) 100vw, 800px\" \/>\t\t\t\t\t\t\t\t\t\t\t\t\t\t\t<\/div>\n\t\t\t\t<\/div>\n\t\t\t\t<\/div>\n\t\t\t\t\t<\/div>\n\t\t\t\t<\/div>\n\t\t<div class=\"elementor-element elementor-element-2eb7ba4 e-flex e-con-boxed wpr-particle-no wpr-jarallax-no wpr-parallax-no wpr-sticky-section-no e-con e-parent\" data-id=\"2eb7ba4\" data-element_type=\"container\">\n\t\t\t\t\t<div class=\"e-con-inner\">\n\t\t<div class=\"elementor-element elementor-element-957fb84 e-con-full e-flex wpr-particle-no wpr-jarallax-no wpr-parallax-no wpr-sticky-section-no e-con e-child\" data-id=\"957fb84\" data-element_type=\"container\">\n\t\t\t\t<div class=\"elementor-element elementor-element-f3ce494 elementor-widget elementor-widget-image\" data-id=\"f3ce494\" data-element_type=\"widget\" data-widget_type=\"image.default\">\n\t\t\t\t<div class=\"elementor-widget-container\">\n\t\t\t\t\t\t\t\t\t\t\t\t\t\t\t<img decoding=\"async\" width=\"800\" height=\"1200\" src=\"https:\/\/xn--krperbalance-brack-d3b.de\/wp-content\/uploads\/2025\/03\/qigong.webp\" class=\"attachment-full size-full wp-image-286\" alt=\"\" srcset=\"https:\/\/xn--krperbalance-brack-d3b.de\/wp-content\/uploads\/2025\/03\/qigong.webp 800w, https:\/\/xn--krperbalance-brack-d3b.de\/wp-content\/uploads\/2025\/03\/qigong-200x300.webp 200w, https:\/\/xn--krperbalance-brack-d3b.de\/wp-content\/uploads\/2025\/03\/qigong-683x1024.webp 683w, https:\/\/xn--krperbalance-brack-d3b.de\/wp-content\/uploads\/2025\/03\/qigong-768x1152.webp 768w\" sizes=\"(max-width: 800px) 100vw, 800px\" \/>\t\t\t\t\t\t\t\t\t\t\t\t\t\t\t<\/div>\n\t\t\t\t<\/div>\n\t\t\t\t<\/div>\n\t\t<div class=\"elementor-element elementor-element-9ca769e e-con-full e-flex wpr-particle-no wpr-jarallax-no wpr-parallax-no wpr-sticky-section-no e-con e-child\" data-id=\"9ca769e\" data-element_type=\"container\">\n\t\t\t\t<div class=\"elementor-element elementor-element-4750dd4 elementor-widget elementor-widget-text-editor\" data-id=\"4750dd4\" data-element_type=\"widget\" data-widget_type=\"text-editor.default\">\n\t\t\t\t<div class=\"elementor-widget-container\">\n\t\t\t\t\t\t\t\t\t<h1><strong>Qi Gong: Energie und Balance f\u00fcr K\u00f6rper und Geist<\/strong><\/h1><p data-start=\"57\" data-end=\"347\">Qi Gong ist eine jahrhundertealte chinesische Bewegungstherapie, die durch langsame Bewegungen, bewusste Atmung und meditative Konzentration die Lebensenergie \u2013 das <strong data-start=\"222\" data-end=\"228\">Qi<\/strong> \u2013 ins Gleichgewicht bringt. Ziel ist es, Blockaden zu l\u00f6sen und die Energie frei durch den K\u00f6rper flie\u00dfen zu lassen.<\/p><h3 data-start=\"349\" data-end=\"384\"><strong data-start=\"353\" data-end=\"382\">Wie funktioniert Qi Gong?<\/strong><\/h3><p data-start=\"385\" data-end=\"698\">Qi Gong basiert auf sanften, flie\u00dfenden Bewegungen, die oft wiederholt werden. Dabei spielen <strong data-start=\"478\" data-end=\"522\">K\u00f6rperspannung, Konzentration und Atmung<\/strong> eine zentrale Rolle. Die \u00dcbungen umfassen sowohl dynamische Abl\u00e4ufe als auch statische Haltungen, die den K\u00f6rper in einen Zustand tiefer Entspannung und innerer Ruhe f\u00fchren.<\/p><h3 data-start=\"700\" data-end=\"733\"><strong data-start=\"704\" data-end=\"731\">Die Wirkung von Qi Gong<\/strong><\/h3><p data-start=\"734\" data-end=\"777\">Regelm\u00e4\u00dfiges Qi Gong kann dazu beitragen:<\/p><ul data-start=\"778\" data-end=\"1052\"><li data-start=\"778\" data-end=\"833\"><strong data-start=\"780\" data-end=\"831\">K\u00f6rperliche und geistige F\u00e4higkeiten zu st\u00e4rken<\/strong><\/li><li data-start=\"834\" data-end=\"890\"><strong data-start=\"836\" data-end=\"871\">Die Konzentration zu verbessern<\/strong> \u2013 auch im Alltag<\/li><li data-start=\"891\" data-end=\"943\"><strong data-start=\"893\" data-end=\"941\">Die k\u00f6rpereigenen Abwehrkr\u00e4fte zu aktivieren<\/strong><\/li><li data-start=\"944\" data-end=\"1052\"><strong data-start=\"946\" data-end=\"978\">Die Lebensenergie zu f\u00f6rdern<\/strong>, um zu einer gesunden k\u00f6rperlichen und geistigen Verfassung zu gelangen<\/li><\/ul><p data-start=\"1054\" data-end=\"1209\">Durch die harmonische Verbindung von Bewegung und Atmung wird der Energiefluss angeregt, was sich positiv auf das allgemeine Wohlbefinden auswirken kann.<\/p><h3 data-start=\"1211\" data-end=\"1250\"><strong data-start=\"1215\" data-end=\"1248\">F\u00fcr wen ist Qi Gong geeignet?<\/strong><\/h3><p data-start=\"1251\" data-end=\"1467\">Qi Gong kann <strong data-start=\"1264\" data-end=\"1316\">unabh\u00e4ngig von Alter und k\u00f6rperlicher Verfassung<\/strong> erlernt werden. Erfahrene Qi Gong-Lehrer begleiten Sie Schritt f\u00fcr Schritt bei den Grund\u00fcbungen und passen diese individuell an Ihre Bed\u00fcrfnisse an.<\/p><p data-start=\"1469\" data-end=\"1603\" data-is-last-node=\"\" data-is-only-node=\"\"><strong data-start=\"1469\" data-end=\"1601\">Erleben Sie die wohltuende Wirkung von Qi Gong und bringen Sie K\u00f6rper und Geist in Einklang. Vereinbaren Sie jetzt einen Termin!<\/strong><\/p>\t\t\t\t\t\t\t\t<\/div>\n\t\t\t\t<\/div>\n\t\t\t\t<\/div>\n\t\t\t\t\t<\/div>\n\t\t\t\t<\/div>\n\t\t\t\t<\/div>\n\t\t","protected":false},"excerpt":{"rendered":"<p>Schmerzbehandlung Schmerzbehandlung nach der Dorn-Breuss-Methode Die Dorn-Breuss-Therapie ist eine ganzheitliche Wirbels\u00e4ulenbehandlung, die sich bew\u00e4hrt hat, um R\u00fccken- und Gelenkbeschwerden sanft und effektiv zu lindern. Sie vereint die pr\u00e4zise Wirbelkorrektur der Dorn-Methode mit der entspannenden Breuss-Massage. Die Dorn-Methode: Sanfte Wirbelkorrektur Die Dorn-Methode zielt darauf ab, Fehlstellungen der Wirbel und Gelenke behutsam zu korrigieren. Dabei werden die Wirbel durch sanften Druck mit dem Daumen wieder in ihre nat\u00fcrliche Position gebracht. Auch Beinl\u00e4ngendifferenzen und Gelenkfehlstellungen k\u00f6nnen so ausgeglichen werden. Diese Methode zeichnet sich durch ihre sanften Bewegungen aus, die keine ruckartigen oder schmerzhaften Manipulationen erfordern. Die Breuss-Massage: Entspannung f\u00fcr die Wirbels\u00e4ule Die Breuss-Massage erg\u00e4nzt die Dorn-Methode durch eine wohltuende und tiefenwirksame Massage entlang der Wirbels\u00e4ule. Sie dient dazu, die Bandscheiben zu entlasten, die tiefe R\u00fcckenmuskulatur zu entspannen und sowohl k\u00f6rperliche als auch seelische Verspannungen zu l\u00f6sen. Die Massage f\u00f6rdert zudem die Regeneration der Bandscheiben und unterst\u00fctzt den Energiefluss entlang der Wirbels\u00e4ule. F\u00fcr welche Beschwerden geeignet? Die Dorn-Breuss-Therapie kann Linderung verschaffen bei: R\u00fcckenschmerzen und Verspannungen Skoliosen Ischiasbeschwerden Gelenkfehlstellungen und vielen weiteren Beschwerden, die direkt oder indirekt mit der Wirbels\u00e4ule zusammenh\u00e4ngen. Nach der Behandlung Um die Korrekturen langfristig zu erhalten, erhalten Sie auf Wunsch einfache Eigen\u00fcbungen f\u00fcr Zuhause. Diese \u00dcbungen unterst\u00fctzen die Stabilisierung der Wirbels\u00e4ule und f\u00f6rdern die nachhaltige Verbesserung Ihres Wohlbefindens. Erleben Sie, wie wohltuend eine sanfte Wirbelkorrektur sein kann und vereinbaren Sie jetzt einen Termin! Qi Gong: Energie und Balance f\u00fcr K\u00f6rper und Geist Qi Gong ist eine jahrhundertealte chinesische Bewegungstherapie, die durch langsame Bewegungen, bewusste Atmung und meditative Konzentration die Lebensenergie \u2013 das Qi \u2013 ins Gleichgewicht bringt. Ziel ist es, Blockaden zu l\u00f6sen und die Energie frei durch den K\u00f6rper flie\u00dfen zu lassen. Wie funktioniert Qi Gong? Qi Gong basiert auf sanften, flie\u00dfenden Bewegungen, die oft wiederholt werden. Dabei spielen K\u00f6rperspannung, Konzentration und Atmung eine zentrale Rolle. Die \u00dcbungen umfassen sowohl dynamische Abl\u00e4ufe als auch statische Haltungen, die den K\u00f6rper in einen Zustand tiefer Entspannung und innerer Ruhe f\u00fchren. Die Wirkung von Qi Gong Regelm\u00e4\u00dfiges Qi Gong kann dazu beitragen: K\u00f6rperliche und geistige F\u00e4higkeiten zu st\u00e4rken Die Konzentration zu verbessern \u2013 auch im Alltag Die k\u00f6rpereigenen Abwehrkr\u00e4fte zu aktivieren Die Lebensenergie zu f\u00f6rdern, um zu einer gesunden k\u00f6rperlichen und geistigen Verfassung zu gelangen Durch die harmonische Verbindung von Bewegung und Atmung wird der Energiefluss angeregt, was sich positiv auf das allgemeine Wohlbefinden auswirken kann. F\u00fcr wen ist Qi Gong geeignet? Qi Gong kann unabh\u00e4ngig von Alter und k\u00f6rperlicher Verfassung erlernt werden. Erfahrene Qi Gong-Lehrer begleiten Sie Schritt f\u00fcr Schritt bei den Grund\u00fcbungen und passen diese individuell an Ihre Bed\u00fcrfnisse an. Erleben Sie die wohltuende Wirkung von Qi Gong und bringen Sie K\u00f6rper und Geist in Einklang. Vereinbaren Sie jetzt einen Termin!<\/p>\n","protected":false},"author":1,"featured_media":0,"parent":0,"menu_order":0,"comment_status":"closed","ping_status":"closed","template":"elementor_header_footer","meta":{"footnotes":""},"class_list":["post-282","page","type-page","status-publish","hentry"],"_links":{"self":[{"href":"https:\/\/xn--krperbalance-brack-d3b.de\/index.php\/wp-json\/wp\/v2\/pages\/282","targetHints":{"allow":["GET"]}}],"collection":[{"href":"https:\/\/xn--krperbalance-brack-d3b.de\/index.php\/wp-json\/wp\/v2\/pages"}],"about":[{"href":"https:\/\/xn--krperbalance-brack-d3b.de\/index.php\/wp-json\/wp\/v2\/types\/page"}],"author":[{"embeddable":true,"href":"https:\/\/xn--krperbalance-brack-d3b.de\/index.php\/wp-json\/wp\/v2\/users\/1"}],"replies":[{"embeddable":true,"href":"https:\/\/xn--krperbalance-brack-d3b.de\/index.php\/wp-json\/wp\/v2\/comments?post=282"}],"version-history":[{"count":4,"href":"https:\/\/xn--krperbalance-brack-d3b.de\/index.php\/wp-json\/wp\/v2\/pages\/282\/revisions"}],"predecessor-version":[{"id":289,"href":"https:\/\/xn--krperbalance-brack-d3b.de\/index.php\/wp-json\/wp\/v2\/pages\/282\/revisions\/289"}],"wp:attachment":[{"href":"https:\/\/xn--krperbalance-brack-d3b.de\/index.php\/wp-json\/wp\/v2\/media?parent=282"}],"curies":[{"name":"wp","href":"https:\/\/api.w.org\/{rel}","templated":true}]}}